{"id":76,"date":"2017-08-17T14:57:18","date_gmt":"2017-08-17T12:57:18","guid":{"rendered":"http:\/\/www.consultinfo.fr\/?page_id=76"},"modified":"2022-12-06T15:02:07","modified_gmt":"2022-12-06T14:02:07","slug":"demos","status":"publish","type":"page","link":"https:\/\/www.consultinfo.fr\/index.php\/demos\/","title":{"rendered":"D\u00e9mos"},"content":{"rendered":"<p>D\u00e9mos ebp M\u00e9ca:<\/p>\n<p><a href=\"https:\/\/www.youtube.com\/watch?v=Sc61B76thDU\">Le BMS MRoad, nouveau logiciel de gestion pour les professionnels de l&rsquo;apr\u00e8s-vente automobile &#8211; YouTube<\/a><\/p>\n<p>&nbsp;<\/p>\n<p>D\u00e9mos Interface Autolia\/Cattronic\/Motorcraft\/Motelio<\/p>\n<p><iframe loading=\"lazy\" width=\"1040\" height=\"585\" src=\"https:\/\/www.youtube.com\/embed\/6v29xae7GLI?feature=oembed\" frameborder=\"0\" allow=\"accelerometer; autoplay; clipboard-write; encrypted-media; gyroscope; picture-in-picture\" allowfullscreen title=\"Rapatrier un devis Cattronic dans MRoad\"><\/iframe><\/p>\n<p>D\u00e9mos Interface Autossimo<\/p>\n<p><iframe loading=\"lazy\" width=\"1040\" height=\"780\" src=\"https:\/\/www.youtube.com\/embed\/xHp_eYuijKI?feature=oembed\" frameborder=\"0\" allow=\"accelerometer; autoplay; clipboard-write; encrypted-media; gyroscope; picture-in-picture\" allowfullscreen title=\"EBP Automobile : L&#39;interface EBP -- Autossimo\"><\/iframe><\/p>\n<p>&nbsp;<\/p>\n<p>&nbsp;<\/p>\n","protected":false},"excerpt":{"rendered":"<p>D\u00e9mos ebp M\u00e9ca: Le BMS MRoad, nouveau logiciel de gestion pour les professionnels de l&rsquo;apr\u00e8s-vente automobile &#8211; YouTube &nbsp; D\u00e9mos Interface Autolia\/Cattronic\/Motorcraft\/Motelio D\u00e9mos Interface Autossimo &nbsp; &nbsp;<\/p>\n","protected":false},"author":1,"featured_media":82,"parent":0,"menu_order":0,"comment_status":"closed","ping_status":"closed","template":"","meta":[],"_links":{"self":[{"href":"https:\/\/www.consultinfo.fr\/index.php\/wp-json\/wp\/v2\/pages\/76"}],"collection":[{"href":"https:\/\/www.consultinfo.fr\/index.php\/wp-json\/wp\/v2\/pages"}],"about":[{"href":"https:\/\/www.consultinfo.fr\/index.php\/wp-json\/wp\/v2\/types\/page"}],"author":[{"embeddable":true,"href":"https:\/\/www.consultinfo.fr\/index.php\/wp-json\/wp\/v2\/users\/1"}],"replies":[{"embeddable":true,"href":"https:\/\/www.consultinfo.fr\/index.php\/wp-json\/wp\/v2\/comments?post=76"}],"version-history":[{"count":5,"href":"https:\/\/www.consultinfo.fr\/index.php\/wp-json\/wp\/v2\/pages\/76\/revisions"}],"predecessor-version":[{"id":107,"href":"https:\/\/www.consultinfo.fr\/index.php\/wp-json\/wp\/v2\/pages\/76\/revisions\/107"}],"wp:featuredmedia":[{"embeddable":true,"href":"https:\/\/www.consultinfo.fr\/index.php\/wp-json\/wp\/v2\/media\/82"}],"wp:attachment":[{"href":"https:\/\/www.consultinfo.fr\/index.php\/wp-json\/wp\/v2\/media?parent=76"}],"curies":[{"name":"wp","href":"https:\/\/api.w.org\/{rel}","templated":true}]}}